{"id":717,"date":"2021-02-04T16:57:29","date_gmt":"2021-02-04T15:57:29","guid":{"rendered":"http:\/\/agencemonumentart.com\/?page_id=717"},"modified":"2021-02-11T16:53:21","modified_gmt":"2021-02-11T15:53:21","slug":"politique-de-confidentialite-2","status":"publish","type":"page","link":"https:\/\/agencemonumentart.com\/index.php\/politique-de-confidentialite-2\/","title":{"rendered":"Politique de confidentialit\u00e9"},"content":{"rendered":"\n<p><strong>L\u2019agence monumentart<\/strong>&nbsp;s\u2019engage \u00e0 ce que la collecte et le traitement de vos donn\u00e9es, effectu\u00e9s \u00e0 partir du site \u00ab&nbsp;www.agencemonumentart.com&nbsp;\u00bb, soient conformes au r\u00e8glement g\u00e9n\u00e9ral sur la protection des donn\u00e9es (RGPD) et \u00e0 la loi Informatique et Libert\u00e9s.<\/p>\n\n\n\n<p>Collecte et finalit\u00e9s du traitement des donn\u00e9es<\/p>\n\n\n\n<p><strong>L\u2019agence monumentart<\/strong>&nbsp;collecte des donn\u00e9es \u00e0 caract\u00e8re personnel sur tout Utilisateur de notre Site, notamment en utilisant des cookies conform\u00e9ment \u00e0 la l\u00e9gislation en vigueur.<\/p>\n\n\n\n<figure class=\"wp-block-table\"><table><tbody><tr><td>QUOI<\/td><td>POURQUOI<\/td><\/tr><tr><td>Formulaire de saisie d\u2019informations en relation avec l\u2019agence Monumentart.<\/td><td>Gestion et suivi des \u00e9changes (notamment vous contacter, r\u00e9pondre \u00e0 vos attentes et questions, etc.)<\/td><\/tr><tr><td>R\u00e9seaux sociaux (bouton de partage, lecture de vid\u00e9os, etc.)<\/td><td>Pouvoir acc\u00e9der aux diff\u00e9rents sites tiers et ex\u00e9cuter les demandes.<\/td><\/tr><tr><td>Navigation sur le site (consultation d\u2019articles, de pages, etc\u2026)<\/td><td>Personnalisation des contenus du site et r\u00e9alisation de statistiques de la mesure d\u2019audience.<\/td><\/tr><\/tbody><\/table><\/figure>\n\n\n\n<p><strong>Dur\u00e9e de conservation des donn\u00e9es<\/strong><\/p>\n\n\n\n<p>13 mois<\/p>\n\n\n\n<p><strong>Droits d\u2019acc\u00e8s, de rectification, de suppression et d\u2019opposition au traitement<\/strong><\/p>\n\n\n\n<p>Vous disposez d\u2019un droit d\u2019acc\u00e8s, de rectification et de suppression pour motif l\u00e9gitime des informations personnelles vous concernant, ainsi que de la possibilit\u00e9 de vous opposer \u00e0 leur&nbsp;traitement \u00e0 des fins de prospection, notamment commerciale. Vous pouvez exercer ces droits \u00e0 tout moment en vous adressant \u00e0 l\u2019agence monumentart. &nbsp;<\/p>\n\n\n\n<p>Lors de la consultation de notre site&nbsp;<a href=\"http:\/\/www.agencemonumentart.com\">www.agencemonumentart.com<\/a> des cookies sont d\u00e9pos\u00e9s sur votre ordinateur, votre mobile ou votre tablette.<\/p>\n\n\n\n<p><strong>Cookies<\/strong><\/p>\n\n\n\n<p>Un cookie est un petit fichier temporaire d\u00e9pos\u00e9 sur votre ordinateur, lors de la visite d\u2019un site. Les cookies sont g\u00e9r\u00e9s par votre navigateur internet.<\/p>\n\n\n\n<p><strong>Les cookies analytiques<\/strong><\/p>\n\n\n\n<p>Ce site utilise des cookies de mesure d\u2019audience. Il s\u2019agit des cookies qui nous permettent de conna\u00eetre l\u2019utilisation et les performances de notre site et d\u2019en am\u00e9liorer le fonctionnement.<\/p>\n\n\n\n<p><strong>Le param\u00e9trage de votre navigateur internet<\/strong><\/p>\n\n\n\n<p>Vous pouvez choisir de d\u00e9sactiver ces cookies \u00e0 tout moment. Votre navigateur peut \u00e9galement \u00eatre param\u00e9tr\u00e9 pour vous signaler les cookies qui sont d\u00e9pos\u00e9s dans votre ordinateur et vous demander de les accepter ou non. Vous pouvez accepter ou refuser les cookies au cas par cas ou bien les refuser syst\u00e9matiquement une fois pour toutes.<\/p>\n\n\n\n<p>Voici comment contr\u00f4ler ou emp\u00eacher l\u2019enregistrement des cookies :<\/p>\n\n\n\n<p>La configuration de chaque navigateur est diff\u00e9rente. Elle est d\u00e9crite dans le menu d\u2019aide de votre navigateur, qui vous permettra de savoir de quelle mani\u00e8re modifier vos souhaits en mati\u00e8re de cookies.<\/p>\n\n\n\n<p>Vous pouvez d\u00e9sactiver les cookies en suivant les instructions ci-apr\u00e8s :<\/p>\n\n\n\n<p><strong>1\/ Internet Explorer<\/strong><\/p>\n\n\n\n<ul><li>cliquez sur le bouton&nbsp;<strong>Outils<\/strong>, puis sur&nbsp;<strong>Options Internet<\/strong>. Sous l\u2019onglet&nbsp;<strong>G\u00e9n\u00e9ral<\/strong>, sous Historique de navigation, cliquez sur&nbsp;<strong>Param\u00e8tres<\/strong>.<\/li><li>Cliquez sur le bouton&nbsp;<strong>Afficher les fichiers<\/strong>.<\/li><li>Cliquez sur l\u2019en-t\u00eate de colonne Nom pour trier tous les fichiers dans l\u2019ordre alphab\u00e9tique, puis parcourez la liste jusqu\u2019\u00e0 ce que vous voyiez des fichiers commen\u00e7ant par le pr\u00e9fixe Cookie. (Tous les cookies poss\u00e8dent ce pr\u00e9fixe et contiennent habituellement le nom du site Web qui a cr\u00e9\u00e9 le cookie).<\/li><li>S\u00e9lectionnez-le ou les cookies comprenant le nom&nbsp;<a href=\"http:\/\/www.agencemonumentart.com\">www.agencemonumentart.com<\/a> et supprimez-les<\/li><\/ul>\n\n\n\n<p><strong>2\/ Firefox<\/strong><\/p>\n\n\n\n<ul><li>Cliquez sur&nbsp;<strong>Outils<\/strong>&nbsp;puis Options<\/li><li>Dans la fen\u00eatre qui s\u2019affiche, choisissez&nbsp;<strong>Vie priv\u00e9e<\/strong>&nbsp;et cliquez sur&nbsp;<strong>Supprimez des cookies sp\u00e9cifiques<\/strong><br>Rep\u00e9rez les fichiers qui contiennent le nom \u00ab&nbsp;www.agencemonumentart.com&nbsp;\u00bb. S\u00e9lectionnez-les et supprimez-les.<\/li><\/ul>\n\n\n\n<p><strong>3\/ si vous utilisez le navigateur Safari<\/strong><\/p>\n\n\n\n<ul><li>Dans votre navigateur, choisissez le menu&nbsp;<strong>Pr\u00e9f\u00e9rences &gt; confidentialit\u00e9<\/strong><\/li><li>Cliquez sur&nbsp;<strong>D\u00e9tails<\/strong><\/li><li>S\u00e9lectionnez les cookies qui contiennent le nom \u00ab&nbsp;www.agencemonumentart.com&nbsp;\u00bb&nbsp;et cliquez sur Effacer ou sur Tout effacer.<\/li><li>Apr\u00e8s avoir supprim\u00e9 les cookies, cliquez sur Termin\u00e9.<\/li><\/ul>\n\n\n\n<p><strong>4\/ si vous utilisez le navigateur Google Chrome<\/strong><\/p>\n\n\n\n<ul><li>Cliquez sur&nbsp;<strong>Param\u00e8tres<\/strong><\/li><li>Dans Confidentialit\u00e9, cliquez sur&nbsp;<strong>Param\u00e8tres de contenus<\/strong><\/li><li>Cliquez sur&nbsp;<strong>Cookies et donn\u00e9es de site<\/strong><\/li><li>Rep\u00e9rez les fichiers qui contiennent le nom \u00ab&nbsp;www.agencemonumentart.com&nbsp;\u00bb. S\u00e9lectionnez-les et supprimez-les.<\/li><li>Cliquez sur&nbsp;<strong>ok<\/strong>&nbsp;pour revenir \u00e0 votre navigateur<\/li><\/ul>\n\n\n\n<p>Plus d\u2019informations sur le site de la CNIL:&nbsp;<a href=\"http:\/\/www.cnil.fr\/vos-droits\/vos-traces\/les-cookies\">http:\/\/www.cnil.fr\/vos-droits\/vos-traces\/les-cookies<\/a>\/<\/p>\n","protected":false},"excerpt":{"rendered":"<p>L\u2019agence monumentart&nbsp;s\u2019engage \u00e0 ce que la collecte et le traitement de vos donn\u00e9es, effectu\u00e9s \u00e0 partir du site \u00ab&nbsp;www.agencemonumentart.com&nbsp;\u00bb, soient conformes au r\u00e8glement g\u00e9n\u00e9ral sur la protection des donn\u00e9es (RGPD) et \u00e0 la loi Informatique et Libert\u00e9s. Collecte et finalit\u00e9s du traitement des donn\u00e9es L\u2019agence monumentart&nbsp;collecte des donn\u00e9es \u00e0 caract\u00e8re personnel sur tout Utilisateur de [&hellip;]<\/p>\n","protected":false},"author":1,"featured_media":0,"parent":0,"menu_order":0,"comment_status":"closed","ping_status":"closed","template":"","meta":{"spay_email":""},"yoast_head":"<!-- This site is optimized with the Yoast SEO plugin v15.9.1 - https:\/\/yoast.com\/wordpress\/plugins\/seo\/ -->\n<title>Politique de confidentialit\u00e9 - Monumentart<\/title>\n<meta name=\"description\" content=\"Politique de confidentialit\u00e9 engageant le respect de la collecte et le traitement de vos donn\u00e9es, effectu\u00e9s \u00e0 partir du site monumentart\" \/>\n<meta name=\"robots\" content=\"index, follow, max-snippet:-1, max-image-preview:large, max-video-preview:-1\" \/>\n<link rel=\"canonical\" href=\"https:\/\/agencemonumentart.com\/index.php\/politique-de-confidentialite-2\/\" \/>\n<meta property=\"og:locale\" content=\"fr_FR\" \/>\n<meta property=\"og:type\" content=\"article\" \/>\n<meta property=\"og:title\" content=\"Politique de confidentialit\u00e9 - Monumentart\" \/>\n<meta property=\"og:description\" content=\"Politique de confidentialit\u00e9 engageant le respect de la collecte et le traitement de vos donn\u00e9es, effectu\u00e9s \u00e0 partir du site monumentart\" \/>\n<meta property=\"og:url\" content=\"https:\/\/agencemonumentart.com\/index.php\/politique-de-confidentialite-2\/\" \/>\n<meta property=\"og:site_name\" content=\"Monumentart\" \/>\n<meta property=\"article:modified_time\" content=\"2021-02-11T15:53:21+00:00\" \/>\n<meta name=\"twitter:card\" content=\"summary_large_image\" \/>\n<meta name=\"twitter:label1\" content=\"Dur\u00e9e de lecture est.\">\n\t<meta name=\"twitter:data1\" content=\"3 minutes\">\n<script type=\"application\/ld+json\" class=\"yoast-schema-graph\">{\"@context\":\"https:\/\/schema.org\",\"@graph\":[{\"@type\":\"Organization\",\"@id\":\"https:\/\/agencemonumentart.com\/#organization\",\"name\":\"Monumentart\",\"url\":\"https:\/\/agencemonumentart.com\/\",\"sameAs\":[\"https:\/\/www.instagram.com\/agencemonumentart\/?hl=fr\",\"https:\/\/www.linkedin.com\/company\/agence-monumentart\/\"],\"logo\":{\"@type\":\"ImageObject\",\"@id\":\"https:\/\/agencemonumentart.com\/#logo\",\"inLanguage\":\"fr-FR\",\"url\":\"https:\/\/agencemonumentart.com\/wp-content\/uploads\/2021\/01\/cropped-logo-monumentART-03-1.png\",\"width\":512,\"height\":512,\"caption\":\"Monumentart\"},\"image\":{\"@id\":\"https:\/\/agencemonumentart.com\/#logo\"}},{\"@type\":\"WebSite\",\"@id\":\"https:\/\/agencemonumentart.com\/#website\",\"url\":\"https:\/\/agencemonumentart.com\/\",\"name\":\"Agence monumentart\",\"description\":\"\",\"publisher\":{\"@id\":\"https:\/\/agencemonumentart.com\/#organization\"},\"potentialAction\":[{\"@type\":\"SearchAction\",\"target\":\"https:\/\/agencemonumentart.com\/?s={search_term_string}\",\"query-input\":\"required name=search_term_string\"}],\"inLanguage\":\"fr-FR\"},{\"@type\":\"WebPage\",\"@id\":\"https:\/\/agencemonumentart.com\/index.php\/politique-de-confidentialite-2\/#webpage\",\"url\":\"https:\/\/agencemonumentart.com\/index.php\/politique-de-confidentialite-2\/\",\"name\":\"Politique de confidentialit\\u00e9 - Monumentart\",\"isPartOf\":{\"@id\":\"https:\/\/agencemonumentart.com\/#website\"},\"datePublished\":\"2021-02-04T15:57:29+00:00\",\"dateModified\":\"2021-02-11T15:53:21+00:00\",\"description\":\"Politique de confidentialit\\u00e9 engageant le respect de la collecte et le traitement de vos donn\\u00e9es, effectu\\u00e9s \\u00e0 partir du site monumentart\",\"breadcrumb\":{\"@id\":\"https:\/\/agencemonumentart.com\/index.php\/politique-de-confidentialite-2\/#breadcrumb\"},\"inLanguage\":\"fr-FR\",\"potentialAction\":[{\"@type\":\"ReadAction\",\"target\":[\"https:\/\/agencemonumentart.com\/index.php\/politique-de-confidentialite-2\/\"]}]},{\"@type\":\"BreadcrumbList\",\"@id\":\"https:\/\/agencemonumentart.com\/index.php\/politique-de-confidentialite-2\/#breadcrumb\",\"itemListElement\":[{\"@type\":\"ListItem\",\"position\":1,\"item\":{\"@type\":\"WebPage\",\"@id\":\"https:\/\/agencemonumentart.com\/\",\"url\":\"https:\/\/agencemonumentart.com\/\",\"name\":\"Accueil\"}},{\"@type\":\"ListItem\",\"position\":2,\"item\":{\"@type\":\"WebPage\",\"@id\":\"https:\/\/agencemonumentart.com\/index.php\/politique-de-confidentialite-2\/\",\"url\":\"https:\/\/agencemonumentart.com\/index.php\/politique-de-confidentialite-2\/\",\"name\":\"Politique de confidentialit\\u00e9\"}}]}]}<\/script>\n<!-- \/ Yoast SEO plugin. -->","_links":{"self":[{"href":"https:\/\/agencemonumentart.com\/index.php\/wp-json\/wp\/v2\/pages\/717"}],"collection":[{"href":"https:\/\/agencemonumentart.com\/index.php\/wp-json\/wp\/v2\/pages"}],"about":[{"href":"https:\/\/agencemonumentart.com\/index.php\/wp-json\/wp\/v2\/types\/page"}],"author":[{"embeddable":true,"href":"https:\/\/agencemonumentart.com\/index.php\/wp-json\/wp\/v2\/users\/1"}],"replies":[{"embeddable":true,"href":"https:\/\/agencemonumentart.com\/index.php\/wp-json\/wp\/v2\/comments?post=717"}],"version-history":[{"count":1,"href":"https:\/\/agencemonumentart.com\/index.php\/wp-json\/wp\/v2\/pages\/717\/revisions"}],"predecessor-version":[{"id":718,"href":"https:\/\/agencemonumentart.com\/index.php\/wp-json\/wp\/v2\/pages\/717\/revisions\/718"}],"wp:attachment":[{"href":"https:\/\/agencemonumentart.com\/index.php\/wp-json\/wp\/v2\/media?parent=717"}],"curies":[{"name":"wp","href":"https:\/\/api.w.org\/{rel}","templated":true}]}}