{"id":715,"date":"2021-02-04T16:54:07","date_gmt":"2021-02-04T15:54:07","guid":{"rendered":"http:\/\/agencemonumentart.com\/?page_id=715"},"modified":"2021-02-04T16:54:08","modified_gmt":"2021-02-04T15:54:08","slug":"mentions-legales","status":"publish","type":"page","link":"https:\/\/agencemonumentart.com\/index.php\/mentions-legales\/","title":{"rendered":"Mentions l\u00e9gales"},"content":{"rendered":"\n<p><strong>EXPLOITATION<\/strong><\/p>\n\n\n\n<p>Le site&nbsp;<a href=\"http:\/\/www.agencemonumentart\">www.agencemonumentart<\/a>&nbsp; est exploit\u00e9 par :<br>Agence Monumentart<\/p>\n\n\n\n<p>RCS LYON : 892 394 198 00014<br>Si\u00e8ge Social :\u00a074, Rue Ney \u2013 69006 \u2013 LYON<br>Num\u00e9ro de t\u00e9l\u00e9phone :\u00a0+33 6 85 60 32 57<br>Courriel :\u00a0contact@agencemonumentart.com<\/p>\n\n\n\n<p>Repr\u00e9sent\u00e9e par Marion Quesne, en sa qualit\u00e9 de Directrice de Publication et Pr\u00e9sidente de la Soci\u00e9t\u00e9.<\/p>\n\n\n\n<p><strong>REALISATION<\/strong><\/p>\n\n\n\n<p>WORDPRESS<\/p>\n\n\n\n<p><strong>HEBERGEMENT<\/strong><\/p>\n\n\n\n<p>Le site&nbsp;<a href=\"http:\/\/www.agencemonumentart\">www.agencemonumentart<\/a> est h\u00e9berg\u00e9 par&nbsp;: OVH<\/p>\n\n\n\n<p>SAS au capital de 10\u00a0069\u00a0020\u00a0\u20ac<br>RCS Lille M\u00e9tropole 424 761\u00a0419 00045<br>Code APE 2620Z<br>N\u00b0 TVA : FR 22 424 761\u00a0419<\/p>\n\n\n\n<p>Si\u00e8ge social : 2 rue Kellermann \u2013 59100 Roubaix \u2013 France.<\/p>\n\n\n\n<p><strong>INFORMATIONS<\/strong><\/p>\n\n\n\n<p>Les informations publi\u00e9es, y compris dans leur aspect et leurs caract\u00e9ristiques, sur le site internet&nbsp;<a href=\"http:\/\/www.agencemonumentart\">www.agencemonumentart<\/a>&nbsp;sont non contractuelles. Nous nous r\u00e9servons le droit de modifier ou de corriger les contenus de notre site internet, quelle que soit leur nature.<\/p>\n\n\n\n<p><strong>CONDITIONS D\u2019UTILISATION DU SITE<\/strong><\/p>\n\n\n\n<p>Le site <a href=\"http:\/\/www.agencemonumentart\">www.agencemonumentart<\/a>&nbsp;et chacun des \u00e9l\u00e9ments, y compris mais sans limitation les marques, les logos, ic\u00f4nes, infographies, photographies, qui le composent sont prot\u00e9g\u00e9s au titre de la l\u00e9gislation fran\u00e7aise de la propri\u00e9t\u00e9 intellectuelle. Les contenus figurant sur le site sont la propri\u00e9t\u00e9 de l\u2019agence monumentart ou d\u2019autres entreprises. Dans ce dernier cas tous les \u00e9l\u00e9ments et en particulier les photos font l\u2019objet d\u2019une l\u00e9gende et\/ou mention pr\u00e9cises. Toute utilisation, reproduction ou repr\u00e9sentation, par quelque proc\u00e9d\u00e9 que ce soit, et sur quelque support que ce soit, de tout ou partie du site et\/ou des \u00e9l\u00e9ments qui le composent n\u2019est pas autoris\u00e9e sans le consentement express de l\u2019agence monumentart.<\/p>\n\n\n\n<p>Les autres marques et logos apparaissant sur le site sont la propri\u00e9t\u00e9 exclusive de parties tiers et l\u2019agence monumentart ne d\u00e9tient aucun droit dessus. Ils sont soumis \u00e0 la protection du droit de la propri\u00e9t\u00e9 intellectuelle. Vous ne pouvez pas utiliser ou reproduire les marques de ces partenaires sans leur autorisation expresse, nous vous prions de vous r\u00e9f\u00e9rer aux diff\u00e9rentes directives des parties tiers sur l\u2019utilisation de ces marques, notamment l\u2019article L. 335-2 et suivants du Code de la propri\u00e9t\u00e9 intellectuelle.<br>Il en est de m\u00eame des bases de donn\u00e9es figurant, le cas \u00e9ch\u00e9ant sur le site web qui sont prot\u00e9g\u00e9es par les dispositions de la loi du 1er juillet 1998 portant transposition dans le Code de la propri\u00e9t\u00e9 intellectuelle de la directive du 11 mars 1996 relative \u00e0 la protection juridique des bases de donn\u00e9es.<\/p>\n\n\n\n<p>L\u2019usage des termes \u00ab&nbsp;agence monumentart&nbsp;\u00bb, ainsi que les logos figurant sur le site sont des marques d\u00e9pos\u00e9es.<br>Toute reproduction totale ou partielle de ces marques ou de ces logos effectu\u00e9s \u00e0 partir des \u00e9l\u00e9ments du site sans l\u2019autorisation expresse de Marion QUESNE est donc prohib\u00e9e au sens du Code de la propri\u00e9t\u00e9 intellectuelle.<\/p>\n\n\n\n<p>Les utilisateurs et les visiteurs du site internet ne peuvent mettre en place un hyperlien en direction de ce site sans l\u2019autorisation expresse et pr\u00e9alable de Marion QUESNE qui ne saurait \u00eatre tenue pour responsable de l\u2019acc\u00e8s par les utilisateurs via les liens hypertextes mis en place dans le cadre du site internet en direction d\u2019autres ressources pr\u00e9sentes sur le r\u00e9seau.<br>Tout litige en relation avec l\u2019utilisation du site \u00ab&nbsp;<a href=\"http:\/\/www.agencemonumentart\">www.agencemonumentart<\/a>&nbsp;\u00bb est soumis au droit fran\u00e7ais.<\/p>\n\n\n\n<p><strong>DONNEES PERSONNELLES<\/strong><\/p>\n\n\n\n<p>D\u2019une fa\u00e7on g\u00e9n\u00e9rale, le site peut \u00eatre visit\u00e9 sur Internet sans avoir \u00e0 d\u00e9cliner son identit\u00e9 ni \u00e0 fournir des informations personnelles. Cependant, il est possible de nous contacter via le formulaire pr\u00e9vu \u00e0 cet effet, nous vous demanderons vos nom, pr\u00e9nom, adresse mail et num\u00e9ro de t\u00e9l\u00e9phone. Aucune prestation ou bien ne peut \u00eatre achet\u00e9 directement sur le site, aussi aucune r\u00e9f\u00e9rence bancaire n\u2019est demand\u00e9e.<\/p>\n\n\n\n<p><strong>FORMULAIRE DE CONTACT<\/strong><\/p>\n\n\n\n<p>Les informations recueillies par le biais du formulaire de contact sont conformes \u00e0 la Loi Informatique et Libert\u00e9s. Les r\u00e9ponses sont facultatives et le d\u00e9faut de r\u00e9ponse n\u2019entra\u00eene aucune cons\u00e9quence. N\u00e9anmoins, les informations communiqu\u00e9es doivent nous permettre de traiter votre demande.<\/p>\n\n\n\n<p><strong>INFORMATIQUE ET LIBERTES<\/strong><\/p>\n\n\n\n<p>Ce site a fait l\u2019objet d\u2019une d\u00e9claration aupr\u00e8s de la CNIL.<\/p>\n\n\n\n<p>Conform\u00e9ment aux dispositions de la loi du 6 janvier 1978, tout internaute dispose d\u2019un droit d\u2019acc\u00e8s, de rectification, de modification, et de suppression des donn\u00e9es le concernant. A cet effet, un courrier \u00e9lectronique peut \u00eatre envoy\u00e9 \u00e0 l\u2019adresse suivante :&nbsp;<a href=\"mailto:contact@agencemonumentart.com\">contact@agencemonumentart.com<\/a><\/p>\n","protected":false},"excerpt":{"rendered":"<p>EXPLOITATION Le site&nbsp;www.agencemonumentart&nbsp; est exploit\u00e9 par :Agence Monumentart RCS LYON : 892 394 198 00014Si\u00e8ge Social :\u00a074, Rue Ney \u2013 69006 \u2013 LYONNum\u00e9ro de t\u00e9l\u00e9phone :\u00a0+33 6 85 60 32 57Courriel :\u00a0contact@agencemonumentart.com Repr\u00e9sent\u00e9e par Marion Quesne, en sa qualit\u00e9 de Directrice de Publication et Pr\u00e9sidente de la Soci\u00e9t\u00e9. REALISATION WORDPRESS HEBERGEMENT Le site&nbsp;www.agencemonumentart est h\u00e9berg\u00e9 [&hellip;]<\/p>\n","protected":false},"author":1,"featured_media":0,"parent":0,"menu_order":0,"comment_status":"closed","ping_status":"closed","template":"","meta":{"spay_email":""},"yoast_head":"<!-- This site is optimized with the Yoast SEO plugin v15.9.1 - https:\/\/yoast.com\/wordpress\/plugins\/seo\/ -->\n<title>Mentions l\u00e9gales - Monumentart<\/title>\n<meta name=\"robots\" content=\"index, follow, max-snippet:-1, max-image-preview:large, max-video-preview:-1\" \/>\n<link rel=\"canonical\" href=\"https:\/\/agencemonumentart.com\/index.php\/mentions-legales\/\" \/>\n<meta property=\"og:locale\" content=\"fr_FR\" \/>\n<meta property=\"og:type\" content=\"article\" \/>\n<meta property=\"og:title\" content=\"Mentions l\u00e9gales - Monumentart\" \/>\n<meta property=\"og:description\" content=\"EXPLOITATION Le site&nbsp;www.agencemonumentart&nbsp; est exploit\u00e9 par :Agence Monumentart RCS LYON : 892 394 198 00014Si\u00e8ge Social :\u00a074, Rue Ney \u2013 69006 \u2013 LYONNum\u00e9ro de t\u00e9l\u00e9phone :\u00a0+33 6 85 60 32 57Courriel :\u00a0contact@agencemonumentart.com Repr\u00e9sent\u00e9e par Marion Quesne, en sa qualit\u00e9 de Directrice de Publication et Pr\u00e9sidente de la Soci\u00e9t\u00e9. REALISATION WORDPRESS HEBERGEMENT Le site&nbsp;www.agencemonumentart est h\u00e9berg\u00e9 [&hellip;]\" \/>\n<meta property=\"og:url\" content=\"https:\/\/agencemonumentart.com\/index.php\/mentions-legales\/\" \/>\n<meta property=\"og:site_name\" content=\"Monumentart\" \/>\n<meta property=\"article:modified_time\" content=\"2021-02-04T15:54:08+00:00\" \/>\n<meta name=\"twitter:card\" content=\"summary_large_image\" \/>\n<meta name=\"twitter:label1\" content=\"Dur\u00e9e de lecture est.\">\n\t<meta name=\"twitter:data1\" content=\"3 minutes\">\n<script type=\"application\/ld+json\" class=\"yoast-schema-graph\">{\"@context\":\"https:\/\/schema.org\",\"@graph\":[{\"@type\":\"Organization\",\"@id\":\"https:\/\/agencemonumentart.com\/#organization\",\"name\":\"Monumentart\",\"url\":\"https:\/\/agencemonumentart.com\/\",\"sameAs\":[\"https:\/\/www.instagram.com\/agencemonumentart\/?hl=fr\",\"https:\/\/www.linkedin.com\/company\/agence-monumentart\/\"],\"logo\":{\"@type\":\"ImageObject\",\"@id\":\"https:\/\/agencemonumentart.com\/#logo\",\"inLanguage\":\"fr-FR\",\"url\":\"https:\/\/agencemonumentart.com\/wp-content\/uploads\/2021\/01\/cropped-logo-monumentART-03-1.png\",\"width\":512,\"height\":512,\"caption\":\"Monumentart\"},\"image\":{\"@id\":\"https:\/\/agencemonumentart.com\/#logo\"}},{\"@type\":\"WebSite\",\"@id\":\"https:\/\/agencemonumentart.com\/#website\",\"url\":\"https:\/\/agencemonumentart.com\/\",\"name\":\"Agence monumentart\",\"description\":\"\",\"publisher\":{\"@id\":\"https:\/\/agencemonumentart.com\/#organization\"},\"potentialAction\":[{\"@type\":\"SearchAction\",\"target\":\"https:\/\/agencemonumentart.com\/?s={search_term_string}\",\"query-input\":\"required name=search_term_string\"}],\"inLanguage\":\"fr-FR\"},{\"@type\":\"WebPage\",\"@id\":\"https:\/\/agencemonumentart.com\/index.php\/mentions-legales\/#webpage\",\"url\":\"https:\/\/agencemonumentart.com\/index.php\/mentions-legales\/\",\"name\":\"Mentions l\\u00e9gales - Monumentart\",\"isPartOf\":{\"@id\":\"https:\/\/agencemonumentart.com\/#website\"},\"datePublished\":\"2021-02-04T15:54:07+00:00\",\"dateModified\":\"2021-02-04T15:54:08+00:00\",\"breadcrumb\":{\"@id\":\"https:\/\/agencemonumentart.com\/index.php\/mentions-legales\/#breadcrumb\"},\"inLanguage\":\"fr-FR\",\"potentialAction\":[{\"@type\":\"ReadAction\",\"target\":[\"https:\/\/agencemonumentart.com\/index.php\/mentions-legales\/\"]}]},{\"@type\":\"BreadcrumbList\",\"@id\":\"https:\/\/agencemonumentart.com\/index.php\/mentions-legales\/#breadcrumb\",\"itemListElement\":[{\"@type\":\"ListItem\",\"position\":1,\"item\":{\"@type\":\"WebPage\",\"@id\":\"https:\/\/agencemonumentart.com\/\",\"url\":\"https:\/\/agencemonumentart.com\/\",\"name\":\"Accueil\"}},{\"@type\":\"ListItem\",\"position\":2,\"item\":{\"@type\":\"WebPage\",\"@id\":\"https:\/\/agencemonumentart.com\/index.php\/mentions-legales\/\",\"url\":\"https:\/\/agencemonumentart.com\/index.php\/mentions-legales\/\",\"name\":\"Mentions l\\u00e9gales\"}}]}]}<\/script>\n<!-- \/ Yoast SEO plugin. -->","_links":{"self":[{"href":"https:\/\/agencemonumentart.com\/index.php\/wp-json\/wp\/v2\/pages\/715"}],"collection":[{"href":"https:\/\/agencemonumentart.com\/index.php\/wp-json\/wp\/v2\/pages"}],"about":[{"href":"https:\/\/agencemonumentart.com\/index.php\/wp-json\/wp\/v2\/types\/page"}],"author":[{"embeddable":true,"href":"https:\/\/agencemonumentart.com\/index.php\/wp-json\/wp\/v2\/users\/1"}],"replies":[{"embeddable":true,"href":"https:\/\/agencemonumentart.com\/index.php\/wp-json\/wp\/v2\/comments?post=715"}],"version-history":[{"count":1,"href":"https:\/\/agencemonumentart.com\/index.php\/wp-json\/wp\/v2\/pages\/715\/revisions"}],"predecessor-version":[{"id":716,"href":"https:\/\/agencemonumentart.com\/index.php\/wp-json\/wp\/v2\/pages\/715\/revisions\/716"}],"wp:attachment":[{"href":"https:\/\/agencemonumentart.com\/index.php\/wp-json\/wp\/v2\/media?parent=715"}],"curies":[{"name":"wp","href":"https:\/\/api.w.org\/{rel}","templated":true}]}}