{"id":2510,"date":"2021-09-16T11:51:23","date_gmt":"2021-09-16T09:51:23","guid":{"rendered":"https:\/\/agencemonumentart.com\/?page_id=2510"},"modified":"2022-02-08T16:05:47","modified_gmt":"2022-02-08T15:05:47","slug":"episode-marion-papillon","status":"publish","type":"page","link":"https:\/\/agencemonumentart.com\/index.php\/episode-marion-papillon\/","title":{"rendered":"\u00c9pisode 9 : Marion Papillon, directrice de la galerie Papillon et pr\u00e9sidente du Comit\u00e9 professionnel des galeries d\u2019art"},"content":{"rendered":"\t\t<div data-elementor-type=\"wp-page\" data-elementor-id=\"2510\" class=\"elementor elementor-2510\" data-elementor-settings=\"[]\">\n\t\t\t\t\t\t<div class=\"elementor-inner\">\n\t\t\t\t\t\t\t<div class=\"elementor-section-wrap\">\n\t\t\t\t\t\t\t<section class=\"elementor-section elementor-top-section elementor-element elementor-element-fb2defd elementor-section-boxed elementor-section-height-default elementor-section-height-default\" data-id=\"fb2defd\" data-element_type=\"section\">\n\t\t\t\t\t\t<div class=\"elementor-container elementor-column-gap-default\">\n\t\t\t\t\t\t\t<div class=\"elementor-row\">\n\t\t\t\t\t<div class=\"elementor-column elementor-col-33 elementor-top-column elementor-element elementor-element-3d1d562\" data-id=\"3d1d562\" data-element_type=\"column\">\n\t\t\t<div class=\"elementor-column-wrap elementor-element-populated\">\n\t\t\t\t\t\t\t<div class=\"elementor-widget-wrap\">\n\t\t\t\t\t\t<div class=\"elementor-element elementor-element-3206cbe elementor-widget elementor-widget-image\" data-id=\"3206cbe\" data-element_type=\"widget\" data-widget_type=\"image.default\">\n\t\t\t\t<div class=\"elementor-widget-container\">\n\t\t\t\t\t<div class=\"elementor-image\">\n\t\t\t\t\t\t\t\t\t\t<img src=\"https:\/\/agencemonumentart.com\/wp-content\/uploads\/elementor\/thumbs\/1-pk7r3u8pbc2q969r77vsacf2nlba0x9mq9zmgifflk.png\" title=\"Marion Papillon\" alt=\"Marion Papillon\" \/>\t\t\t\t\t\t\t\t\t\t\t<\/div>\n\t\t\t\t<\/div>\n\t\t\t\t<\/div>\n\t\t\t\t\t\t<\/div>\n\t\t\t\t\t<\/div>\n\t\t<\/div>\n\t\t\t\t<div class=\"elementor-column elementor-col-66 elementor-top-column elementor-element elementor-element-0744b81\" data-id=\"0744b81\" data-element_type=\"column\">\n\t\t\t<div class=\"elementor-column-wrap elementor-element-populated\">\n\t\t\t\t\t\t\t<div class=\"elementor-widget-wrap\">\n\t\t\t\t\t\t<div class=\"elementor-element elementor-element-b4399b0 elementor-widget elementor-widget-text-editor\" data-id=\"b4399b0\" data-element_type=\"widget\" data-widget_type=\"text-editor.default\">\n\t\t\t\t<div class=\"elementor-widget-container\">\n\t\t\t\t\t<div class=\"elementor-text-editor elementor-clearfix\"><p><span style=\"caret-color: #525252; color: #525252; font-family: 'helvetica neue', helveticaneue, helvetica, arial, sans-serif; font-size: medium; white-space: pre-line;\">Aujourd\u2019hui, je suis heureuse de vous pr\u00e9senter <\/span><strong style=\"caret-color: #525252; color: #525252; font-family: 'helvetica neue', helveticaneue, helvetica, arial, sans-serif; white-space: pre-line;\">Marion Papillon<\/strong><span style=\"caret-color: #525252; color: #525252; font-family: 'helvetica neue', helveticaneue, helvetica, arial, sans-serif; font-size: medium; white-space: pre-line;\">. Elle est la directrice de la galerie Papillon, et la pr\u00e9sidente du Comit\u00e9 professionnel des galeries d&rsquo;art. Elle nous re\u00e7oit dans sa galerie, au 13 rue Chapon dans le 3\u00e8me arrondissement. Bonne \u00e9coute !\u00a0<\/span><br style=\"caret-color: #525252; color: #525252; font-family: 'helvetica neue', helveticaneue, helvetica, arial, sans-serif; white-space: pre-line;\" \/><br style=\"caret-color: #525252; color: #525252; font-family: 'helvetica neue', helveticaneue, helvetica, arial, sans-serif; white-space: pre-line;\" \/><br \/><\/p><\/div>\n\t\t\t\t<\/div>\n\t\t\t\t<\/div>\n\t\t\t\t\t\t<\/div>\n\t\t\t\t\t<\/div>\n\t\t<\/div>\n\t\t\t\t\t\t\t\t<\/div>\n\t\t\t\t\t<\/div>\n\t\t<\/section>\n\t\t\t\t<section class=\"elementor-section elementor-top-section elementor-element elementor-element-5b2ae92 elementor-section-boxed elementor-section-height-default elementor-section-height-default\" data-id=\"5b2ae92\" data-element_type=\"section\">\n\t\t\t\t\t\t<div class=\"elementor-container elementor-column-gap-default\">\n\t\t\t\t\t\t\t<div class=\"elementor-row\">\n\t\t\t\t\t<div class=\"elementor-column elementor-col-100 elementor-top-column elementor-element elementor-element-11754a6\" data-id=\"11754a6\" data-element_type=\"column\">\n\t\t\t<div class=\"elementor-column-wrap elementor-element-populated\">\n\t\t\t\t\t\t\t<div class=\"elementor-widget-wrap\">\n\t\t\t\t\t\t<div class=\"elementor-element elementor-element-8842118 elementor-widget elementor-widget-spacer\" data-id=\"8842118\" data-element_type=\"widget\" data-widget_type=\"spacer.default\">\n\t\t\t\t<div class=\"elementor-widget-container\">\n\t\t\t\t\t<div class=\"elementor-spacer\">\n\t\t\t<div class=\"elementor-spacer-inner\"><\/div>\n\t\t<\/div>\n\t\t\t\t<\/div>\n\t\t\t\t<\/div>\n\t\t\t\t<div class=\"elementor-element elementor-element-53631f9 elementor-aspect-ratio-169 elementor-widget elementor-widget-video\" data-id=\"53631f9\" data-element_type=\"widget\" data-settings=\"{&quot;youtube_url&quot;:&quot;https:\\\/\\\/youtu.be\\\/F7BE6ZICoKQ&quot;,&quot;video_type&quot;:&quot;youtube&quot;,&quot;controls&quot;:&quot;yes&quot;,&quot;aspect_ratio&quot;:&quot;169&quot;}\" data-widget_type=\"video.default\">\n\t\t\t\t<div class=\"elementor-widget-container\">\n\t\t\t\t\t<div class=\"elementor-wrapper elementor-fit-aspect-ratio elementor-open-inline\">\n\t\t\t<div class=\"elementor-video\"><\/div>\t\t<\/div>\n\t\t\t\t<\/div>\n\t\t\t\t<\/div>\n\t\t\t\t<div class=\"elementor-element elementor-element-aea3cc3 elementor-widget elementor-widget-spacer\" data-id=\"aea3cc3\" data-element_type=\"widget\" data-widget_type=\"spacer.default\">\n\t\t\t\t<div class=\"elementor-widget-container\">\n\t\t\t\t\t<div class=\"elementor-spacer\">\n\t\t\t<div class=\"elementor-spacer-inner\"><\/div>\n\t\t<\/div>\n\t\t\t\t<\/div>\n\t\t\t\t<\/div>\n\t\t\t\t\t\t<\/div>\n\t\t\t\t\t<\/div>\n\t\t<\/div>\n\t\t\t\t\t\t\t\t<\/div>\n\t\t\t\t\t<\/div>\n\t\t<\/section>\n\t\t\t\t\t\t<\/div>\n\t\t\t\t\t\t<\/div>\n\t\t\t\t\t<\/div>\n\t\t","protected":false},"excerpt":{"rendered":"<p>Aujourd\u2019hui, je suis heureuse de vous pr\u00e9senter Marion Papillon. Elle est la directrice de la galerie Papillon, et la pr\u00e9sidente du Comit\u00e9 professionnel des galeries d&rsquo;art. Elle nous re\u00e7oit dans sa galerie, au 13 rue Chapon dans le 3\u00e8me arrondissement. Bonne \u00e9coute !&nbsp;<\/p>\n","protected":false},"author":1,"featured_media":0,"parent":0,"menu_order":0,"comment_status":"closed","ping_status":"closed","template":"","meta":{"spay_email":""},"yoast_head":"<!-- This site is optimized with the Yoast SEO plugin v15.9.1 - https:\/\/yoast.com\/wordpress\/plugins\/seo\/ -->\n<title>\u00c9pisode 9 : Marion Papillon, directrice de la galerie Papillon et pr\u00e9sidente du Comit\u00e9 professionnel des galeries d\u2019art - Monumentart<\/title>\n<meta name=\"description\" content=\"Interview de Marion Papillon, directrice de la galerie papillon et pr\u00e9sidente du Comit\u00e9 professionnel des galeries d\u2019art\" \/>\n<meta name=\"robots\" content=\"index, follow, max-snippet:-1, max-image-preview:large, max-video-preview:-1\" \/>\n<link rel=\"canonical\" href=\"https:\/\/agencemonumentart.com\/index.php\/episode-marion-papillon\/\" \/>\n<meta property=\"og:locale\" content=\"fr_FR\" \/>\n<meta property=\"og:type\" content=\"article\" \/>\n<meta property=\"og:title\" content=\"\u00c9pisode 9 : Marion Papillon, directrice de la galerie Papillon et pr\u00e9sidente du Comit\u00e9 professionnel des galeries d\u2019art - Monumentart\" \/>\n<meta property=\"og:description\" content=\"Interview de Marion Papillon, directrice de la galerie papillon et pr\u00e9sidente du Comit\u00e9 professionnel des galeries d\u2019art\" \/>\n<meta property=\"og:url\" content=\"https:\/\/agencemonumentart.com\/index.php\/episode-marion-papillon\/\" \/>\n<meta property=\"og:site_name\" content=\"Monumentart\" \/>\n<meta property=\"article:modified_time\" content=\"2022-02-08T15:05:47+00:00\" \/>\n<meta property=\"og:image\" content=\"https:\/\/agencemonumentart.com\/wp-content\/uploads\/elementor\/thumbs\/1-pk7r3u8pbc2q969r77vsacf2nlba0x9mq9zmgifflk.png\" \/>\n<meta name=\"twitter:card\" content=\"summary_large_image\" \/>\n<meta name=\"twitter:label1\" content=\"Dur\u00e9e de lecture est.\">\n\t<meta name=\"twitter:data1\" content=\"1 minute\">\n<script type=\"application\/ld+json\" class=\"yoast-schema-graph\">{\"@context\":\"https:\/\/schema.org\",\"@graph\":[{\"@type\":\"Organization\",\"@id\":\"https:\/\/agencemonumentart.com\/#organization\",\"name\":\"Monumentart\",\"url\":\"https:\/\/agencemonumentart.com\/\",\"sameAs\":[\"https:\/\/www.instagram.com\/agencemonumentart\/?hl=fr\",\"https:\/\/www.linkedin.com\/company\/agence-monumentart\/\"],\"logo\":{\"@type\":\"ImageObject\",\"@id\":\"https:\/\/agencemonumentart.com\/#logo\",\"inLanguage\":\"fr-FR\",\"url\":\"https:\/\/agencemonumentart.com\/wp-content\/uploads\/2021\/01\/cropped-logo-monumentART-03-1.png\",\"width\":512,\"height\":512,\"caption\":\"Monumentart\"},\"image\":{\"@id\":\"https:\/\/agencemonumentart.com\/#logo\"}},{\"@type\":\"WebSite\",\"@id\":\"https:\/\/agencemonumentart.com\/#website\",\"url\":\"https:\/\/agencemonumentart.com\/\",\"name\":\"Agence monumentart\",\"description\":\"\",\"publisher\":{\"@id\":\"https:\/\/agencemonumentart.com\/#organization\"},\"potentialAction\":[{\"@type\":\"SearchAction\",\"target\":\"https:\/\/agencemonumentart.com\/?s={search_term_string}\",\"query-input\":\"required name=search_term_string\"}],\"inLanguage\":\"fr-FR\"},{\"@type\":\"ImageObject\",\"@id\":\"https:\/\/agencemonumentart.com\/index.php\/episode-marion-papillon\/#primaryimage\",\"inLanguage\":\"fr-FR\",\"url\":\"https:\/\/agencemonumentart.com\/wp-content\/uploads\/elementor\/thumbs\/1-pk7r3u8pbc2q969r77vsacf2nlba0x9mq9zmgifflk.png\"},{\"@type\":\"WebPage\",\"@id\":\"https:\/\/agencemonumentart.com\/index.php\/episode-marion-papillon\/#webpage\",\"url\":\"https:\/\/agencemonumentart.com\/index.php\/episode-marion-papillon\/\",\"name\":\"\\u00c9pisode 9 : Marion Papillon, directrice de la galerie Papillon et pr\\u00e9sidente du Comit\\u00e9 professionnel des galeries d\\u2019art - Monumentart\",\"isPartOf\":{\"@id\":\"https:\/\/agencemonumentart.com\/#website\"},\"primaryImageOfPage\":{\"@id\":\"https:\/\/agencemonumentart.com\/index.php\/episode-marion-papillon\/#primaryimage\"},\"datePublished\":\"2021-09-16T09:51:23+00:00\",\"dateModified\":\"2022-02-08T15:05:47+00:00\",\"description\":\"Interview de Marion Papillon, directrice de la galerie papillon et pr\\u00e9sidente du Comit\\u00e9 professionnel des galeries d\\u2019art\",\"breadcrumb\":{\"@id\":\"https:\/\/agencemonumentart.com\/index.php\/episode-marion-papillon\/#breadcrumb\"},\"inLanguage\":\"fr-FR\",\"potentialAction\":[{\"@type\":\"ReadAction\",\"target\":[\"https:\/\/agencemonumentart.com\/index.php\/episode-marion-papillon\/\"]}]},{\"@type\":\"BreadcrumbList\",\"@id\":\"https:\/\/agencemonumentart.com\/index.php\/episode-marion-papillon\/#breadcrumb\",\"itemListElement\":[{\"@type\":\"ListItem\",\"position\":1,\"item\":{\"@type\":\"WebPage\",\"@id\":\"https:\/\/agencemonumentart.com\/\",\"url\":\"https:\/\/agencemonumentart.com\/\",\"name\":\"Accueil\"}},{\"@type\":\"ListItem\",\"position\":2,\"item\":{\"@type\":\"WebPage\",\"@id\":\"https:\/\/agencemonumentart.com\/index.php\/episode-marion-papillon\/\",\"url\":\"https:\/\/agencemonumentart.com\/index.php\/episode-marion-papillon\/\",\"name\":\"\\u00c9pisode 9 : Marion Papillon, directrice de la galerie Papillon et pr\\u00e9sidente du Comit\\u00e9 professionnel des galeries d\\u2019art\"}}]}]}<\/script>\n<!-- \/ Yoast SEO plugin. -->","_links":{"self":[{"href":"https:\/\/agencemonumentart.com\/index.php\/wp-json\/wp\/v2\/pages\/2510"}],"collection":[{"href":"https:\/\/agencemonumentart.com\/index.php\/wp-json\/wp\/v2\/pages"}],"about":[{"href":"https:\/\/agencemonumentart.com\/index.php\/wp-json\/wp\/v2\/types\/page"}],"author":[{"embeddable":true,"href":"https:\/\/agencemonumentart.com\/index.php\/wp-json\/wp\/v2\/users\/1"}],"replies":[{"embeddable":true,"href":"https:\/\/agencemonumentart.com\/index.php\/wp-json\/wp\/v2\/comments?post=2510"}],"version-history":[{"count":20,"href":"https:\/\/agencemonumentart.com\/index.php\/wp-json\/wp\/v2\/pages\/2510\/revisions"}],"predecessor-version":[{"id":2740,"href":"https:\/\/agencemonumentart.com\/index.php\/wp-json\/wp\/v2\/pages\/2510\/revisions\/2740"}],"wp:attachment":[{"href":"https:\/\/agencemonumentart.com\/index.php\/wp-json\/wp\/v2\/media?parent=2510"}],"curies":[{"name":"wp","href":"https:\/\/api.w.org\/{rel}","templated":true}]}}