{"id":1263,"date":"2021-02-18T14:19:49","date_gmt":"2021-02-18T13:19:49","guid":{"rendered":"http:\/\/agencemonumentart.com\/?page_id=1263"},"modified":"2021-02-26T17:35:30","modified_gmt":"2021-02-26T16:35:30","slug":"centre-pompidou-mooc","status":"publish","type":"page","link":"https:\/\/agencemonumentart.com\/index.php\/actualites-2\/centre-pompidou-mooc\/","title":{"rendered":"Le Centre Pompidou lance un nouveau MOOC d\u00e9di\u00e9 \u00e0 l\u2019art f\u00e9minin"},"content":{"rendered":"\t\t<div data-elementor-type=\"wp-page\" data-elementor-id=\"1263\" class=\"elementor elementor-1263\" data-elementor-settings=\"[]\">\n\t\t\t\t\t\t<div class=\"elementor-inner\">\n\t\t\t\t\t\t\t<div class=\"elementor-section-wrap\">\n\t\t\t\t\t\t\t<section class=\"elementor-section elementor-top-section elementor-element elementor-element-b548e0f elementor-section-boxed elementor-section-height-default elementor-section-height-default\" data-id=\"b548e0f\" data-element_type=\"section\">\n\t\t\t\t\t\t<div class=\"elementor-container elementor-column-gap-default\">\n\t\t\t\t\t\t\t<div class=\"elementor-row\">\n\t\t\t\t\t<div class=\"elementor-column elementor-col-100 elementor-top-column elementor-element elementor-element-73ed9c1\" data-id=\"73ed9c1\" data-element_type=\"column\">\n\t\t\t<div class=\"elementor-column-wrap elementor-element-populated\">\n\t\t\t\t\t\t\t<div class=\"elementor-widget-wrap\">\n\t\t\t\t\t\t<div class=\"elementor-element elementor-element-29cdc0e elementor-widget elementor-widget-heading\" data-id=\"29cdc0e\" data-element_type=\"widget\" data-widget_type=\"heading.default\">\n\t\t\t\t<div class=\"elementor-widget-container\">\n\t\t\t<h2 class=\"elementor-heading-title elementor-size-default\">Le Centre Pompidou lance un nouveau MOOC d\u00e9di\u00e9 \u00e0 l'art f\u00e9minin <\/h2>\t\t<\/div>\n\t\t\t\t<\/div>\n\t\t\t\t\t\t<\/div>\n\t\t\t\t\t<\/div>\n\t\t<\/div>\n\t\t\t\t\t\t\t\t<\/div>\n\t\t\t\t\t<\/div>\n\t\t<\/section>\n\t\t\t\t<section class=\"elementor-section elementor-top-section elementor-element elementor-element-b47a032 elementor-section-boxed elementor-section-height-default elementor-section-height-default\" data-id=\"b47a032\" data-element_type=\"section\">\n\t\t\t\t\t\t<div class=\"elementor-container elementor-column-gap-default\">\n\t\t\t\t\t\t\t<div class=\"elementor-row\">\n\t\t\t\t\t<div class=\"elementor-column elementor-col-100 elementor-top-column elementor-element elementor-element-e469064\" data-id=\"e469064\" data-element_type=\"column\">\n\t\t\t<div class=\"elementor-column-wrap elementor-element-populated\">\n\t\t\t\t\t\t\t<div class=\"elementor-widget-wrap\">\n\t\t\t\t\t\t<div class=\"elementor-element elementor-element-c5ad414 elementor-widget elementor-widget-spacer\" data-id=\"c5ad414\" data-element_type=\"widget\" data-widget_type=\"spacer.default\">\n\t\t\t\t<div class=\"elementor-widget-container\">\n\t\t\t\t\t<div class=\"elementor-spacer\">\n\t\t\t<div class=\"elementor-spacer-inner\"><\/div>\n\t\t<\/div>\n\t\t\t\t<\/div>\n\t\t\t\t<\/div>\n\t\t\t\t\t\t<\/div>\n\t\t\t\t\t<\/div>\n\t\t<\/div>\n\t\t\t\t\t\t\t\t<\/div>\n\t\t\t\t\t<\/div>\n\t\t<\/section>\n\t\t\t\t<section class=\"elementor-section elementor-top-section elementor-element elementor-element-567a5d7 elementor-section-boxed elementor-section-height-default elementor-section-height-default\" data-id=\"567a5d7\" data-element_type=\"section\">\n\t\t\t\t\t\t<div class=\"elementor-container elementor-column-gap-default\">\n\t\t\t\t\t\t\t<div class=\"elementor-row\">\n\t\t\t\t\t<div class=\"elementor-column elementor-col-100 elementor-top-column elementor-element elementor-element-defc832\" data-id=\"defc832\" data-element_type=\"column\">\n\t\t\t<div class=\"elementor-column-wrap elementor-element-populated\">\n\t\t\t\t\t\t\t<div class=\"elementor-widget-wrap\">\n\t\t\t\t\t\t<div class=\"elementor-element elementor-element-809a621 elementor-widget elementor-widget-image\" data-id=\"809a621\" data-element_type=\"widget\" data-widget_type=\"image.default\">\n\t\t\t\t<div class=\"elementor-widget-container\">\n\t\t\t\t\t<div class=\"elementor-image\">\n\t\t\t\t\t\t\t\t\t\t<img width=\"759\" height=\"363\" src=\"https:\/\/agencemonumentart.com\/wp-content\/uploads\/2021\/02\/MOOC.png\" class=\"attachment-large size-large\" alt=\"centre pompidou\" loading=\"lazy\" srcset=\"https:\/\/agencemonumentart.com\/wp-content\/uploads\/2021\/02\/MOOC.png 759w, https:\/\/agencemonumentart.com\/wp-content\/uploads\/2021\/02\/MOOC-300x143.png 300w, https:\/\/agencemonumentart.com\/wp-content\/uploads\/2021\/02\/MOOC-230x110.png 230w, https:\/\/agencemonumentart.com\/wp-content\/uploads\/2021\/02\/MOOC-350x167.png 350w, https:\/\/agencemonumentart.com\/wp-content\/uploads\/2021\/02\/MOOC-480x230.png 480w\" sizes=\"(max-width: 759px) 100vw, 759px\" \/>\t\t\t\t\t\t\t\t\t\t\t<\/div>\n\t\t\t\t<\/div>\n\t\t\t\t<\/div>\n\t\t\t\t\t\t<\/div>\n\t\t\t\t\t<\/div>\n\t\t<\/div>\n\t\t\t\t\t\t\t\t<\/div>\n\t\t\t\t\t<\/div>\n\t\t<\/section>\n\t\t\t\t<section class=\"elementor-section elementor-top-section elementor-element elementor-element-d2f31b0 elementor-section-boxed elementor-section-height-default elementor-section-height-default\" data-id=\"d2f31b0\" data-element_type=\"section\">\n\t\t\t\t\t\t<div class=\"elementor-container elementor-column-gap-default\">\n\t\t\t\t\t\t\t<div class=\"elementor-row\">\n\t\t\t\t\t<div class=\"elementor-column elementor-col-100 elementor-top-column elementor-element elementor-element-c3fb9e5\" data-id=\"c3fb9e5\" data-element_type=\"column\">\n\t\t\t<div class=\"elementor-column-wrap elementor-element-populated\">\n\t\t\t\t\t\t\t<div class=\"elementor-widget-wrap\">\n\t\t\t\t\t\t<div class=\"elementor-element elementor-element-76b19ac elementor-widget elementor-widget-spacer\" data-id=\"76b19ac\" data-element_type=\"widget\" data-widget_type=\"spacer.default\">\n\t\t\t\t<div class=\"elementor-widget-container\">\n\t\t\t\t\t<div class=\"elementor-spacer\">\n\t\t\t<div class=\"elementor-spacer-inner\"><\/div>\n\t\t<\/div>\n\t\t\t\t<\/div>\n\t\t\t\t<\/div>\n\t\t\t\t\t\t<\/div>\n\t\t\t\t\t<\/div>\n\t\t<\/div>\n\t\t\t\t\t\t\t\t<\/div>\n\t\t\t\t\t<\/div>\n\t\t<\/section>\n\t\t\t\t<section class=\"elementor-section elementor-top-section elementor-element elementor-element-e0dca41 elementor-section-boxed elementor-section-height-default elementor-section-height-default\" data-id=\"e0dca41\" data-element_type=\"section\">\n\t\t\t\t\t\t<div class=\"elementor-container elementor-column-gap-default\">\n\t\t\t\t\t\t\t<div class=\"elementor-row\">\n\t\t\t\t\t<div class=\"elementor-column elementor-col-100 elementor-top-column elementor-element elementor-element-ca0d960\" data-id=\"ca0d960\" data-element_type=\"column\">\n\t\t\t<div class=\"elementor-column-wrap elementor-element-populated\">\n\t\t\t\t\t\t\t<div class=\"elementor-widget-wrap\">\n\t\t\t\t\t\t<div class=\"elementor-element elementor-element-03ee665 elementor-widget elementor-widget-text-editor\" data-id=\"03ee665\" data-element_type=\"widget\" data-widget_type=\"text-editor.default\">\n\t\t\t\t<div class=\"elementor-widget-container\">\n\t\t\t\t\t<div class=\"elementor-text-editor elementor-clearfix\"><p><strong>Bonne nouvelle<\/strong> pour les passionn\u00e9s d\u2019art\u00a0: le centre Pompidou met \u00e0 disposition un nouveau <strong>cours en ligne gratuit et accessible \u00e0 tous<\/strong>, intitul\u00e9 <strong>\u00ab\u00a0Elles font l\u2019art\u00a0\u00bb<\/strong>.<\/p><p>Ce <strong>MOOC<\/strong> (Massive Open Online Courses), cr\u00e9\u00e9 en partenariat avec l\u2019Universit\u00e9 du Qu\u00e9bec \u00e0 Montr\u00e9al, est constitu\u00e9 de vid\u00e9os et d\u2019activit\u00e9s qui mettent en lumi\u00e8re le travail des <strong>femmes artistes de 1900 \u00e0 nos jours.<\/strong> Plasticiennes, peintres, photographes, vid\u00e9astes ou performeuses de toutes nationalit\u00e9s, elles ont fait ou font encore <strong>l\u2019art des 20\u00e8me et 21\u00e8me si\u00e8cles.<\/strong><\/p><p>Ce MOOC, qui se compose de<strong> 5 s\u00e9quences<\/strong> est d\u00e8s \u00e0 pr\u00e9sent accessible sur la plateforme FUN, et le sera jusqu\u2019au <strong>25 juin 2021.<\/strong> Il s\u2019agit donc d\u2019une belle occasion pour <strong>approfondir ses connaissances<\/strong> et <strong>stimuler sa cr\u00e9ativit\u00e9<\/strong>\u00a0! A travers ce programme, le centre Pompidou nous donne \u00e9galement un avant-go\u00fbt de son exposition <strong>\u00ab\u00a0Elles font l\u2019abstraction\u00a0\u00bb<\/strong> qui devrait ouvrir <strong>le 5 mai prochain.<\/strong><\/p><p><strong>Aucun pr\u00e9requis<\/strong> n\u2019est n\u00e9cessaire pour suivre ces cours, hormis votre curiosit\u00e9, et l\u2019inscription est 100% gratuite. Si vous obtenez par ailleurs une note sup\u00e9rieure \u00e0<strong> 14\/20<\/strong> aux quiz propos\u00e9s, une <strong>attestation de r\u00e9ussite<\/strong> vous sera d\u00e9livr\u00e9e. \u00a0<\/p><p>Il s\u2019agit l\u00e0 d\u2019une nouvelle mani\u00e8re pour le Centre Pompidou d&rsquo;affirmer son <strong>engagement aupr\u00e8s des femmes<\/strong>, en faveur de <strong>l\u2019\u00e9galit\u00e9 des genres<\/strong> dans le milieu artistique.<\/p><\/div>\n\t\t\t\t<\/div>\n\t\t\t\t<\/div>\n\t\t\t\t\t\t<\/div>\n\t\t\t\t\t<\/div>\n\t\t<\/div>\n\t\t\t\t\t\t\t\t<\/div>\n\t\t\t\t\t<\/div>\n\t\t<\/section>\n\t\t\t\t<section class=\"elementor-section elementor-top-section elementor-element elementor-element-1b09cf5 elementor-section-boxed elementor-section-height-default elementor-section-height-default\" data-id=\"1b09cf5\" data-element_type=\"section\">\n\t\t\t\t\t\t<div class=\"elementor-container elementor-column-gap-default\">\n\t\t\t\t\t\t\t<div class=\"elementor-row\">\n\t\t\t\t\t<div class=\"elementor-column elementor-col-100 elementor-top-column elementor-element elementor-element-035f4b0\" data-id=\"035f4b0\" data-element_type=\"column\">\n\t\t\t<div class=\"elementor-column-wrap elementor-element-populated\">\n\t\t\t\t\t\t\t<div class=\"elementor-widget-wrap\">\n\t\t\t\t\t\t<div class=\"elementor-element elementor-element-cd161ba elementor-widget elementor-widget-spacer\" data-id=\"cd161ba\" data-element_type=\"widget\" data-widget_type=\"spacer.default\">\n\t\t\t\t<div class=\"elementor-widget-container\">\n\t\t\t\t\t<div class=\"elementor-spacer\">\n\t\t\t<div class=\"elementor-spacer-inner\"><\/div>\n\t\t<\/div>\n\t\t\t\t<\/div>\n\t\t\t\t<\/div>\n\t\t\t\t\t\t<\/div>\n\t\t\t\t\t<\/div>\n\t\t<\/div>\n\t\t\t\t\t\t\t\t<\/div>\n\t\t\t\t\t<\/div>\n\t\t<\/section>\n\t\t\t\t<section class=\"elementor-section elementor-top-section elementor-element elementor-element-2e78aad elementor-section-boxed elementor-section-height-default elementor-section-height-default\" data-id=\"2e78aad\" data-element_type=\"section\">\n\t\t\t\t\t\t<div class=\"elementor-container elementor-column-gap-default\">\n\t\t\t\t\t\t\t<div class=\"elementor-row\">\n\t\t\t\t\t<div class=\"elementor-column elementor-col-100 elementor-top-column elementor-element elementor-element-3a0f0e2\" data-id=\"3a0f0e2\" data-element_type=\"column\">\n\t\t\t<div class=\"elementor-column-wrap elementor-element-populated\">\n\t\t\t\t\t\t\t<div class=\"elementor-widget-wrap\">\n\t\t\t\t\t\t<div class=\"elementor-element elementor-element-cc7c55b elementor-button-info elementor-align-center elementor-widget elementor-widget-button\" data-id=\"cc7c55b\" data-element_type=\"widget\" data-widget_type=\"button.default\">\n\t\t\t\t<div class=\"elementor-widget-container\">\n\t\t\t\t\t<div class=\"elementor-button-wrapper\">\n\t\t\t<a href=\"https:\/\/www.centrepompidou.fr\/fr\/lecole-du-centre-pompidou\/les-mooc\" class=\"elementor-button-link elementor-button elementor-size-md\" role=\"button\">\n\t\t\t\t\t\t<span class=\"elementor-button-content-wrapper\">\n\t\t\t\t\t\t<span class=\"elementor-button-text\">POUR PLUS D'INFORMATIONS<\/span>\n\t\t<\/span>\n\t\t\t\t\t<\/a>\n\t\t<\/div>\n\t\t\t\t<\/div>\n\t\t\t\t<\/div>\n\t\t\t\t\t\t<\/div>\n\t\t\t\t\t<\/div>\n\t\t<\/div>\n\t\t\t\t\t\t\t\t<\/div>\n\t\t\t\t\t<\/div>\n\t\t<\/section>\n\t\t\t\t<section class=\"elementor-section elementor-top-section elementor-element elementor-element-529695d elementor-section-boxed elementor-section-height-default elementor-section-height-default\" data-id=\"529695d\" data-element_type=\"section\">\n\t\t\t\t\t\t<div class=\"elementor-container elementor-column-gap-default\">\n\t\t\t\t\t\t\t<div class=\"elementor-row\">\n\t\t\t\t\t<div class=\"elementor-column elementor-col-100 elementor-top-column elementor-element elementor-element-285b396\" data-id=\"285b396\" data-element_type=\"column\">\n\t\t\t<div class=\"elementor-column-wrap elementor-element-populated\">\n\t\t\t\t\t\t\t<div class=\"elementor-widget-wrap\">\n\t\t\t\t\t\t<div class=\"elementor-element elementor-element-f0674ae elementor-widget elementor-widget-spacer\" data-id=\"f0674ae\" data-element_type=\"widget\" data-widget_type=\"spacer.default\">\n\t\t\t\t<div class=\"elementor-widget-container\">\n\t\t\t\t\t<div class=\"elementor-spacer\">\n\t\t\t<div class=\"elementor-spacer-inner\"><\/div>\n\t\t<\/div>\n\t\t\t\t<\/div>\n\t\t\t\t<\/div>\n\t\t\t\t\t\t<\/div>\n\t\t\t\t\t<\/div>\n\t\t<\/div>\n\t\t\t\t\t\t\t\t<\/div>\n\t\t\t\t\t<\/div>\n\t\t<\/section>\n\t\t\t\t<section class=\"elementor-section elementor-top-section elementor-element elementor-element-2aee072 elementor-section-boxed elementor-section-height-default elementor-section-height-default\" data-id=\"2aee072\" data-element_type=\"section\">\n\t\t\t\t\t\t<div class=\"elementor-container elementor-column-gap-default\">\n\t\t\t\t\t\t\t<div class=\"elementor-row\">\n\t\t\t\t\t<div class=\"elementor-column elementor-col-100 elementor-top-column elementor-element elementor-element-c4b167b\" data-id=\"c4b167b\" data-element_type=\"column\">\n\t\t\t<div class=\"elementor-column-wrap elementor-element-populated\">\n\t\t\t\t\t\t\t<div class=\"elementor-widget-wrap\">\n\t\t\t\t\t\t<div class=\"elementor-element elementor-element-f0ca929 elementor-widget elementor-widget-heading\" data-id=\"f0ca929\" data-element_type=\"widget\" data-widget_type=\"heading.default\">\n\t\t\t\t<div class=\"elementor-widget-container\">\n\t\t\t<h2 class=\"elementor-heading-title elementor-size-default\">\u00c9crit par Manon Cheval<\/h2>\t\t<\/div>\n\t\t\t\t<\/div>\n\t\t\t\t\t\t<\/div>\n\t\t\t\t\t<\/div>\n\t\t<\/div>\n\t\t\t\t\t\t\t\t<\/div>\n\t\t\t\t\t<\/div>\n\t\t<\/section>\n\t\t\t\t\t\t<\/div>\n\t\t\t\t\t\t<\/div>\n\t\t\t\t\t<\/div>\n\t\t","protected":false},"excerpt":{"rendered":"<p>Le Centre Pompidou lance un nouveau MOOC d\u00e9di\u00e9 \u00e0 l&rsquo;art f\u00e9minin Bonne nouvelle pour les passionn\u00e9s d\u2019art\u00a0: le centre Pompidou met \u00e0 disposition un nouveau cours en ligne gratuit et accessible \u00e0 tous, intitul\u00e9 \u00ab\u00a0Elles font l\u2019art\u00a0\u00bb. Ce MOOC (Massive Open Online Courses), cr\u00e9\u00e9 en partenariat avec l\u2019Universit\u00e9 du Qu\u00e9bec \u00e0 Montr\u00e9al, est constitu\u00e9 de [&hellip;]<\/p>\n","protected":false},"author":1,"featured_media":0,"parent":880,"menu_order":0,"comment_status":"closed","ping_status":"closed","template":"","meta":{"spay_email":""},"yoast_head":"<!-- This site is optimized with the Yoast SEO plugin v15.9.1 - https:\/\/yoast.com\/wordpress\/plugins\/seo\/ -->\n<title>Le Centre Pompidou lance un nouveau MOOC d\u00e9di\u00e9 \u00e0 l\u2019art f\u00e9minin - Monumentart<\/title>\n<meta name=\"description\" content=\"Le centre Pompidou met \u00e0 disposition un nouveau MOOC sur le travail des femmes artistes, disponible jusqu&#039;au 25 juin 2021.\" \/>\n<meta name=\"robots\" content=\"index, follow, max-snippet:-1, max-image-preview:large, max-video-preview:-1\" \/>\n<link rel=\"canonical\" href=\"https:\/\/agencemonumentart.com\/index.php\/actualites-2\/centre-pompidou-mooc\/\" \/>\n<meta property=\"og:locale\" content=\"fr_FR\" \/>\n<meta property=\"og:type\" content=\"article\" \/>\n<meta property=\"og:title\" content=\"Le Centre Pompidou lance un nouveau MOOC d\u00e9di\u00e9 \u00e0 l\u2019art f\u00e9minin - Monumentart\" \/>\n<meta property=\"og:description\" content=\"Le centre Pompidou met \u00e0 disposition un nouveau MOOC sur le travail des femmes artistes, disponible jusqu&#039;au 25 juin 2021.\" \/>\n<meta property=\"og:url\" content=\"https:\/\/agencemonumentart.com\/index.php\/actualites-2\/centre-pompidou-mooc\/\" \/>\n<meta property=\"og:site_name\" content=\"Monumentart\" \/>\n<meta property=\"article:modified_time\" content=\"2021-02-26T16:35:30+00:00\" \/>\n<meta property=\"og:image\" content=\"http:\/\/agencemonumentart.com\/wp-content\/uploads\/2021\/02\/MOOC.png\" \/>\n<meta name=\"twitter:card\" content=\"summary_large_image\" \/>\n<meta name=\"twitter:label1\" content=\"Dur\u00e9e de lecture est.\">\n\t<meta name=\"twitter:data1\" content=\"2 minutes\">\n<script type=\"application\/ld+json\" class=\"yoast-schema-graph\">{\"@context\":\"https:\/\/schema.org\",\"@graph\":[{\"@type\":\"Organization\",\"@id\":\"https:\/\/agencemonumentart.com\/#organization\",\"name\":\"Monumentart\",\"url\":\"https:\/\/agencemonumentart.com\/\",\"sameAs\":[\"https:\/\/www.instagram.com\/agencemonumentart\/?hl=fr\",\"https:\/\/www.linkedin.com\/company\/agence-monumentart\/\"],\"logo\":{\"@type\":\"ImageObject\",\"@id\":\"https:\/\/agencemonumentart.com\/#logo\",\"inLanguage\":\"fr-FR\",\"url\":\"https:\/\/agencemonumentart.com\/wp-content\/uploads\/2021\/01\/cropped-logo-monumentART-03-1.png\",\"width\":512,\"height\":512,\"caption\":\"Monumentart\"},\"image\":{\"@id\":\"https:\/\/agencemonumentart.com\/#logo\"}},{\"@type\":\"WebSite\",\"@id\":\"https:\/\/agencemonumentart.com\/#website\",\"url\":\"https:\/\/agencemonumentart.com\/\",\"name\":\"Agence monumentart\",\"description\":\"\",\"publisher\":{\"@id\":\"https:\/\/agencemonumentart.com\/#organization\"},\"potentialAction\":[{\"@type\":\"SearchAction\",\"target\":\"https:\/\/agencemonumentart.com\/?s={search_term_string}\",\"query-input\":\"required name=search_term_string\"}],\"inLanguage\":\"fr-FR\"},{\"@type\":\"ImageObject\",\"@id\":\"https:\/\/agencemonumentart.com\/index.php\/actualites-2\/centre-pompidou-mooc\/#primaryimage\",\"inLanguage\":\"fr-FR\",\"url\":\"http:\/\/agencemonumentart.com\/wp-content\/uploads\/2021\/02\/MOOC.png\"},{\"@type\":\"WebPage\",\"@id\":\"https:\/\/agencemonumentart.com\/index.php\/actualites-2\/centre-pompidou-mooc\/#webpage\",\"url\":\"https:\/\/agencemonumentart.com\/index.php\/actualites-2\/centre-pompidou-mooc\/\",\"name\":\"Le Centre Pompidou lance un nouveau MOOC d\\u00e9di\\u00e9 \\u00e0 l\\u2019art f\\u00e9minin - Monumentart\",\"isPartOf\":{\"@id\":\"https:\/\/agencemonumentart.com\/#website\"},\"primaryImageOfPage\":{\"@id\":\"https:\/\/agencemonumentart.com\/index.php\/actualites-2\/centre-pompidou-mooc\/#primaryimage\"},\"datePublished\":\"2021-02-18T13:19:49+00:00\",\"dateModified\":\"2021-02-26T16:35:30+00:00\",\"description\":\"Le centre Pompidou met \\u00e0 disposition un nouveau MOOC sur le travail des femmes artistes, disponible jusqu'au 25 juin 2021.\",\"breadcrumb\":{\"@id\":\"https:\/\/agencemonumentart.com\/index.php\/actualites-2\/centre-pompidou-mooc\/#breadcrumb\"},\"inLanguage\":\"fr-FR\",\"potentialAction\":[{\"@type\":\"ReadAction\",\"target\":[\"https:\/\/agencemonumentart.com\/index.php\/actualites-2\/centre-pompidou-mooc\/\"]}]},{\"@type\":\"BreadcrumbList\",\"@id\":\"https:\/\/agencemonumentart.com\/index.php\/actualites-2\/centre-pompidou-mooc\/#breadcrumb\",\"itemListElement\":[{\"@type\":\"ListItem\",\"position\":1,\"item\":{\"@type\":\"WebPage\",\"@id\":\"https:\/\/agencemonumentart.com\/\",\"url\":\"https:\/\/agencemonumentart.com\/\",\"name\":\"Accueil\"}},{\"@type\":\"ListItem\",\"position\":2,\"item\":{\"@type\":\"WebPage\",\"@id\":\"https:\/\/agencemonumentart.com\/index.php\/actualites-2\/\",\"url\":\"https:\/\/agencemonumentart.com\/index.php\/actualites-2\/\",\"name\":\"ACTUALIT\\u00c9S\"}},{\"@type\":\"ListItem\",\"position\":3,\"item\":{\"@type\":\"WebPage\",\"@id\":\"https:\/\/agencemonumentart.com\/index.php\/actualites-2\/centre-pompidou-mooc\/\",\"url\":\"https:\/\/agencemonumentart.com\/index.php\/actualites-2\/centre-pompidou-mooc\/\",\"name\":\"Le Centre Pompidou lance un nouveau MOOC d\\u00e9di\\u00e9 \\u00e0 l\\u2019art f\\u00e9minin\"}}]}]}<\/script>\n<!-- \/ Yoast SEO plugin. -->","_links":{"self":[{"href":"https:\/\/agencemonumentart.com\/index.php\/wp-json\/wp\/v2\/pages\/1263"}],"collection":[{"href":"https:\/\/agencemonumentart.com\/index.php\/wp-json\/wp\/v2\/pages"}],"about":[{"href":"https:\/\/agencemonumentart.com\/index.php\/wp-json\/wp\/v2\/types\/page"}],"author":[{"embeddable":true,"href":"https:\/\/agencemonumentart.com\/index.php\/wp-json\/wp\/v2\/users\/1"}],"replies":[{"embeddable":true,"href":"https:\/\/agencemonumentart.com\/index.php\/wp-json\/wp\/v2\/comments?post=1263"}],"version-history":[{"count":17,"href":"https:\/\/agencemonumentart.com\/index.php\/wp-json\/wp\/v2\/pages\/1263\/revisions"}],"predecessor-version":[{"id":1500,"href":"https:\/\/agencemonumentart.com\/index.php\/wp-json\/wp\/v2\/pages\/1263\/revisions\/1500"}],"up":[{"embeddable":true,"href":"https:\/\/agencemonumentart.com\/index.php\/wp-json\/wp\/v2\/pages\/880"}],"wp:attachment":[{"href":"https:\/\/agencemonumentart.com\/index.php\/wp-json\/wp\/v2\/media?parent=1263"}],"curies":[{"name":"wp","href":"https:\/\/api.w.org\/{rel}","templated":true}]}}